{"id":15,"date":"2024-05-24T17:18:49","date_gmt":"2024-05-24T15:18:49","guid":{"rendered":"https:\/\/zafiroradio.net\/?page_id=15"},"modified":"2024-05-25T00:38:12","modified_gmt":"2024-05-24T22:38:12","slug":"locutores","status":"publish","type":"page","link":"https:\/\/zafiroradio.net\/?page_id=15","title":{"rendered":"Locutores"},"content":{"rendered":"<p>En esta secci\u00f3n podr\u00e1s encontrar a nuestros locutores actuales:<\/p>\n<ul>\n<li>Gast\u00f3n Arbilla<\/li>\n<li>Lourdes Villegas<\/li>\n<li>Cris Pacheco<\/li>\n<li>Luzy Meza<\/li>\n<li>Kenneth Navarro<\/li>\n<li>Facu Rodr\u00edguez<\/li>\n<\/ul>\n","protected":false},"excerpt":{"rendered":"<p>En esta secci\u00f3n podr\u00e1s encontrar a nuestros locutores actuales: Gast\u00f3n Arbilla Lourdes Villegas Cris Pacheco Luzy Meza Kenneth Navarro Facu Rodr\u00edguez<\/p>\n","protected":false},"author":1,"featured_media":0,"parent":0,"menu_order":0,"comment_status":"closed","ping_status":"closed","template":"","meta":{"footnotes":""},"class_list":["post-15","page","type-page","status-publish","hentry","entry"],"_links":{"self":[{"href":"https:\/\/zafiroradio.net\/index.php?rest_route=\/wp\/v2\/pages\/15","targetHints":{"allow":["GET"]}}],"collection":[{"href":"https:\/\/zafiroradio.net\/index.php?rest_route=\/wp\/v2\/pages"}],"about":[{"href":"https:\/\/zafiroradio.net\/index.php?rest_route=\/wp\/v2\/types\/page"}],"author":[{"embeddable":true,"href":"https:\/\/zafiroradio.net\/index.php?rest_route=\/wp\/v2\/users\/1"}],"replies":[{"embeddable":true,"href":"https:\/\/zafiroradio.net\/index.php?rest_route=%2Fwp%2Fv2%2Fcomments&post=15"}],"version-history":[{"count":3,"href":"https:\/\/zafiroradio.net\/index.php?rest_route=\/wp\/v2\/pages\/15\/revisions"}],"predecessor-version":[{"id":31,"href":"https:\/\/zafiroradio.net\/index.php?rest_route=\/wp\/v2\/pages\/15\/revisions\/31"}],"wp:attachment":[{"href":"https:\/\/zafiroradio.net\/index.php?rest_route=%2Fwp%2Fv2%2Fmedia&parent=15"}],"curies":[{"name":"wp","href":"https:\/\/api.w.org\/{rel}","templated":true}]}}