{"id":17,"date":"2024-05-24T17:18:49","date_gmt":"2024-05-24T15:18:49","guid":{"rendered":"https:\/\/zafiroradio.net\/?page_id=17"},"modified":"2024-05-25T00:39:25","modified_gmt":"2024-05-24T22:39:25","slug":"sobre-nosotros","status":"publish","type":"page","link":"https:\/\/zafiroradio.net\/?page_id=17","title":{"rendered":"Sobre nosotros"},"content":{"rendered":"<p>somos una emisora online con sede en la Rep\u00fablica Oriental del Uruguay. Nuestro objetivo principal es ofrecer contenido de calidad y variedad; desde entretenimiento hasta informaci\u00f3n, matizado con el carisma de nuestros locutores.<\/p>\n<p>Buscamos brindar una experiencia \u00fanica a nuestros oyentes, por lo cual emitimos m\u00fasica de diversos g\u00e9neros<br \/>\nla estaci\u00f3n surgi\u00f3 con el objetivo de brindar a personas apasionadas por la radio un espacio en el que poder mostrar su talento.<\/p>\n<p>Nuestras puertas est\u00e1n abiertas a cualquier persona que desee emprender junto a nosotros esta emocionante aventura.<\/p>\n","protected":false},"excerpt":{"rendered":"<p>somos una emisora online con sede en la Rep\u00fablica Oriental del Uruguay. Nuestro objetivo principal es ofrecer contenido de calidad y variedad; desde entretenimiento hasta informaci\u00f3n, matizado con el carisma de nuestros locutores. Buscamos brindar una experiencia \u00fanica a nuestros oyentes, por lo cual emitimos m\u00fasica de diversos g\u00e9neros la estaci\u00f3n surgi\u00f3 con el objetivo&hellip; <a class=\"more-link\" href=\"https:\/\/zafiroradio.net\/?page_id=17\">Seguir leyendo <span class=\"screen-reader-text\">Sobre nosotros<\/span><\/a><\/p>\n","protected":false},"author":1,"featured_media":0,"parent":0,"menu_order":0,"comment_status":"closed","ping_status":"closed","template":"","meta":{"footnotes":""},"class_list":["post-17","page","type-page","status-publish","hentry","entry"],"_links":{"self":[{"href":"https:\/\/zafiroradio.net\/index.php?rest_route=\/wp\/v2\/pages\/17","targetHints":{"allow":["GET"]}}],"collection":[{"href":"https:\/\/zafiroradio.net\/index.php?rest_route=\/wp\/v2\/pages"}],"about":[{"href":"https:\/\/zafiroradio.net\/index.php?rest_route=\/wp\/v2\/types\/page"}],"author":[{"embeddable":true,"href":"https:\/\/zafiroradio.net\/index.php?rest_route=\/wp\/v2\/users\/1"}],"replies":[{"embeddable":true,"href":"https:\/\/zafiroradio.net\/index.php?rest_route=%2Fwp%2Fv2%2Fcomments&post=17"}],"version-history":[{"count":2,"href":"https:\/\/zafiroradio.net\/index.php?rest_route=\/wp\/v2\/pages\/17\/revisions"}],"predecessor-version":[{"id":32,"href":"https:\/\/zafiroradio.net\/index.php?rest_route=\/wp\/v2\/pages\/17\/revisions\/32"}],"wp:attachment":[{"href":"https:\/\/zafiroradio.net\/index.php?rest_route=%2Fwp%2Fv2%2Fmedia&parent=17"}],"curies":[{"name":"wp","href":"https:\/\/api.w.org\/{rel}","templated":true}]}}