{"id":6,"date":"2024-05-24T17:08:48","date_gmt":"2024-05-24T15:08:48","guid":{"rendered":"https:\/\/zafiroradio.net\/?page_id=6"},"modified":"2024-05-25T00:36:13","modified_gmt":"2024-05-24T22:36:13","slug":"inicio","status":"publish","type":"page","link":"https:\/\/zafiroradio.net\/","title":{"rendered":"Inicio"},"content":{"rendered":"<p>\u00a1Te damos la bienvenida a Zafiro radio! Esperamos que  este espacio sea de tu agrado. A continuaci\u00f3n, puedes explorar las diferentes secciones de nuestra p\u00e1gina e ir a lo que m\u00e1s te interesa. Trabajamos para brindarte el mejor contenido. \u00a1si\u00e9ntete en casa!<\/p>\n","protected":false},"excerpt":{"rendered":"<p>\u00a1Te damos la bienvenida a Zafiro radio! Esperamos que este espacio sea de tu agrado. A continuaci\u00f3n, puedes explorar las diferentes secciones de nuestra p\u00e1gina e ir a lo que m\u00e1s te interesa. Trabajamos para brindarte el mejor contenido. \u00a1si\u00e9ntete en casa!<\/p>\n","protected":false},"author":1,"featured_media":0,"parent":0,"menu_order":0,"comment_status":"closed","ping_status":"closed","template":"","meta":{"footnotes":""},"class_list":["post-6","page","type-page","status-publish","hentry","entry"],"_links":{"self":[{"href":"https:\/\/zafiroradio.net\/index.php?rest_route=\/wp\/v2\/pages\/6","targetHints":{"allow":["GET"]}}],"collection":[{"href":"https:\/\/zafiroradio.net\/index.php?rest_route=\/wp\/v2\/pages"}],"about":[{"href":"https:\/\/zafiroradio.net\/index.php?rest_route=\/wp\/v2\/types\/page"}],"author":[{"embeddable":true,"href":"https:\/\/zafiroradio.net\/index.php?rest_route=\/wp\/v2\/users\/1"}],"replies":[{"embeddable":true,"href":"https:\/\/zafiroradio.net\/index.php?rest_route=%2Fwp%2Fv2%2Fcomments&post=6"}],"version-history":[{"count":2,"href":"https:\/\/zafiroradio.net\/index.php?rest_route=\/wp\/v2\/pages\/6\/revisions"}],"predecessor-version":[{"id":29,"href":"https:\/\/zafiroradio.net\/index.php?rest_route=\/wp\/v2\/pages\/6\/revisions\/29"}],"wp:attachment":[{"href":"https:\/\/zafiroradio.net\/index.php?rest_route=%2Fwp%2Fv2%2Fmedia&parent=6"}],"curies":[{"name":"wp","href":"https:\/\/api.w.org\/{rel}","templated":true}]}}